{"id":6061,"date":"2024-04-22T10:41:26","date_gmt":"2024-04-22T08:41:26","guid":{"rendered":"https:\/\/godisfabricabusiness.com\/?post_type=product&#038;p=6061"},"modified":"2026-01-10T17:59:26","modified_gmt":"2026-01-10T16:59:26","slug":"watermelon-bubs","status":"publish","type":"product","link":"https:\/\/godisfabricabusiness.com\/es\/producto\/watermelon-bubs\/","title":{"rendered":"Bubs de Sand\u00eda"},"content":{"rendered":"<p class=\"p2\">\u00a1Las Bubs de Sand\u00eda son el dulce perfecto para los calurosos d\u00edas de verano! Dulces \u00f3valos con el sabor refrescante de la sand\u00eda. \u00bfD\u00eda caluroso de verano? \u00bfHambre? \u00bfSed? Una sand\u00eda podr\u00eda solucionar ambos problemas. Pero las sand\u00edas son demasiado grandes para los bolsillos, los compartimentos de los autos y el fondo de tu caj\u00f3n de calcetines. Lo entendemos, por eso Bubs invent\u00f3 esta pieza de dulce perfecta para solucionar el problema.<\/p>\n<p class=\"p2\">Estos dulces est\u00e1n libres de gelatina y otros aditivos animales.<\/p>","protected":false},"excerpt":{"rendered":"<p>2 unidades - 27g<\/p>","protected":false},"featured_media":6558,"comment_status":"open","ping_status":"closed","template":"","meta":[],"product_brand":[],"product_cat":[290,225],"product_tag":[434,537,443,735,968,291,445,455,603,834],"flavor":[410,411],"allergens":[426,425],"class_list":{"0":"post-6061","1":"product","2":"type-product","3":"status-publish","4":"has-post-thumbnail","6":"product_cat-vegan-products-godis-fabrica","7":"product_cat-bulk-candy-godis-fabrica","8":"product_tag-bubs","9":"product_tag-chuches-veganas","10":"product_tag-foam","11":"product_tag-foamy","12":"product_tag-golosinas-veganas","13":"product_tag-vegan","14":"product_tag-vegan-candy","15":"product_tag-vegetarian","16":"product_tag-watermelon","17":"product_tag-watermelon-candy","18":"flavor-foam","19":"flavor-fruity","20":"allergens-gelatin-free","21":"allergens-vegan","23":"first","24":"outofstock","25":"taxable","26":"shipping-taxable","27":"purchasable","28":"product-type-simple"},"_links":{"self":[{"href":"https:\/\/godisfabricabusiness.com\/es\/wp-json\/wp\/v2\/product\/6061","targetHints":{"allow":["GET"]}}],"collection":[{"href":"https:\/\/godisfabricabusiness.com\/es\/wp-json\/wp\/v2\/product"}],"about":[{"href":"https:\/\/godisfabricabusiness.com\/es\/wp-json\/wp\/v2\/types\/product"}],"replies":[{"embeddable":true,"href":"https:\/\/godisfabricabusiness.com\/es\/wp-json\/wp\/v2\/comments?post=6061"}],"wp:featuredmedia":[{"embeddable":true,"href":"https:\/\/godisfabricabusiness.com\/es\/wp-json\/wp\/v2\/media\/6558"}],"wp:attachment":[{"href":"https:\/\/godisfabricabusiness.com\/es\/wp-json\/wp\/v2\/media?parent=6061"}],"wp:term":[{"taxonomy":"product_brand","embeddable":true,"href":"https:\/\/godisfabricabusiness.com\/es\/wp-json\/wp\/v2\/product_brand?post=6061"},{"taxonomy":"product_cat","embeddable":true,"href":"https:\/\/godisfabricabusiness.com\/es\/wp-json\/wp\/v2\/product_cat?post=6061"},{"taxonomy":"product_tag","embeddable":true,"href":"https:\/\/godisfabricabusiness.com\/es\/wp-json\/wp\/v2\/product_tag?post=6061"},{"taxonomy":"flavor","embeddable":true,"href":"https:\/\/godisfabricabusiness.com\/es\/wp-json\/wp\/v2\/flavor?post=6061"},{"taxonomy":"allergens","embeddable":true,"href":"https:\/\/godisfabricabusiness.com\/es\/wp-json\/wp\/v2\/allergens?post=6061"}],"curies":[{"name":"wp","href":"https:\/\/api.w.org\/{rel}","templated":true}]}}