{"id":6067,"date":"2024-04-22T11:48:33","date_gmt":"2024-04-22T09:48:33","guid":{"rendered":"https:\/\/godisfabricabusiness.com\/?post_type=product&#038;p=6067"},"modified":"2026-01-10T17:59:26","modified_gmt":"2026-01-10T16:59:26","slug":"lantchips-dill-chives","status":"publish","type":"product","link":"https:\/\/godisfabricabusiness.com\/es\/producto\/lantchips-dill-chives\/","title":{"rendered":"LantChips Eneldo y Cebollino"},"content":{"rendered":"<p data-start=\"98\" data-end=\"171\">LantChips Eneldo y Cebollino \u2014 \u00a1Onduladas, crujientes y totalmente \u201ceneldo-ciosas\u201d!<\/p>\n<p data-start=\"173\" data-end=\"465\">Te presentamos LantChips Eneldo y Cebollino, el nuevo miembro ondulado de la familia que trae un extra de crujido y sabor al m\u00e1ximo nivel herb\u00e1ceo. Estas patatas fritas onduladas est\u00e1n cocinadas en aceite de girasol y espolvoreadas con una mezcla fresca y arom\u00e1tica de eneldo y cebollino \u2014el combo de sabores que Escandinavia adora en secreto.<\/p>\n<p data-start=\"467\" data-end=\"663\">Cada patata ofrece un chasquido irresistible, perfecto para cuencos de aperitivos, picnics o incursiones nocturnas en la cocina. Un solo crujido y jurar\u00e1s escuchar al campo sueco anim\u00e1ndote desde la distancia. Puede provocar acaparamiento espont\u00e1neo de patatas y dedos sospechosamente verdes.<\/p>","protected":false},"excerpt":{"rendered":"<p>200g<\/p>","protected":false},"featured_media":18279,"comment_status":"open","ping_status":"closed","template":"","meta":[],"product_brand":[],"product_cat":[292,290],"product_tag":[634,1699,979,978,975,982,974,977,1698,1294,636,1295,637,981,980,635,976,983,291,1697,607],"flavor":[414,422],"allergens":[425],"class_list":{"0":"post-6067","1":"product","2":"type-product","3":"status-publish","4":"has-post-thumbnail","6":"product_cat-snacks-godis-fabrica","7":"product_cat-vegan-products-godis-fabrica","8":"product_tag-chips","9":"product_tag-chips-veganas","10":"product_tag-chives","11":"product_tag-dill","12":"product_tag-finnish-chips","13":"product_tag-graslok","14":"product_tag-lantchips","15":"product_tag-lantchips-dill-chives","16":"product_tag-papas","17":"product_tag-papas-frita","18":"product_tag-patatas","19":"product_tag-potato","20":"product_tag-potato-chips","21":"product_tag-rafflade-lantchips-dill-graslok","22":"product_tag-ruohosipuli","23":"product_tag-snacks","24":"product_tag-swedish-chips","25":"product_tag-tilli","26":"product_tag-vegan","27":"product_tag-vegan-chips","28":"product_tag-vegano","29":"flavor-salty","30":"flavor-wrapped","31":"allergens-vegan","33":"first","34":"outofstock","35":"taxable","36":"shipping-taxable","37":"purchasable","38":"product-type-simple"},"_links":{"self":[{"href":"https:\/\/godisfabricabusiness.com\/es\/wp-json\/wp\/v2\/product\/6067","targetHints":{"allow":["GET"]}}],"collection":[{"href":"https:\/\/godisfabricabusiness.com\/es\/wp-json\/wp\/v2\/product"}],"about":[{"href":"https:\/\/godisfabricabusiness.com\/es\/wp-json\/wp\/v2\/types\/product"}],"replies":[{"embeddable":true,"href":"https:\/\/godisfabricabusiness.com\/es\/wp-json\/wp\/v2\/comments?post=6067"}],"wp:featuredmedia":[{"embeddable":true,"href":"https:\/\/godisfabricabusiness.com\/es\/wp-json\/wp\/v2\/media\/18279"}],"wp:attachment":[{"href":"https:\/\/godisfabricabusiness.com\/es\/wp-json\/wp\/v2\/media?parent=6067"}],"wp:term":[{"taxonomy":"product_brand","embeddable":true,"href":"https:\/\/godisfabricabusiness.com\/es\/wp-json\/wp\/v2\/product_brand?post=6067"},{"taxonomy":"product_cat","embeddable":true,"href":"https:\/\/godisfabricabusiness.com\/es\/wp-json\/wp\/v2\/product_cat?post=6067"},{"taxonomy":"product_tag","embeddable":true,"href":"https:\/\/godisfabricabusiness.com\/es\/wp-json\/wp\/v2\/product_tag?post=6067"},{"taxonomy":"flavor","embeddable":true,"href":"https:\/\/godisfabricabusiness.com\/es\/wp-json\/wp\/v2\/flavor?post=6067"},{"taxonomy":"allergens","embeddable":true,"href":"https:\/\/godisfabricabusiness.com\/es\/wp-json\/wp\/v2\/allergens?post=6067"}],"curies":[{"name":"wp","href":"https:\/\/api.w.org\/{rel}","templated":true}]}}