{"id":6086,"date":"2024-04-22T19:13:33","date_gmt":"2024-04-22T17:13:33","guid":{"rendered":"https:\/\/godisfabricabusiness.com\/?post_type=product&#038;p=6086"},"modified":"2026-01-10T17:59:26","modified_gmt":"2026-01-10T16:59:26","slug":"big-cola-soothers","status":"publish","type":"product","link":"https:\/\/godisfabricabusiness.com\/es\/producto\/big-cola-soothers\/","title":{"rendered":"Chupetes de Cola Grande"},"content":{"rendered":"<p>Chupetes de Cola son los chupetes de gomitas grandes con sabor a cola de Haribo.<\/p>\n<p class=\"m-history__subline fs-headline-c\">\u00bfSab\u00edas esto sobre Haribo? Haribo era originalmente una peque\u00f1a empresa de dulces fundada por Hans Riegel. El nombre Haribo en realidad proviene de su nombre HAns RIegel BOnn. Nacido en 1893 en Friesdorf, cerca de Bonn, Hans Riegel se forma como pastelero y se convierte en socio de la empresa Heinen &amp; Riegel. Funda HARIBO el 13 de diciembre de 1920 y lanza su producci\u00f3n de dulces en una peque\u00f1a cocina sin m\u00e1s que un saco de az\u00facar, una losa de m\u00e1rmol, un taburete, una estufa, una olla de cobre y un rodillo. Su esposa Gertrud fue la primera empleada de la empresa en 1921.<\/p>","protected":false},"excerpt":{"rendered":"<p>2 unidades \u2013 32g<\/p>","protected":false},"featured_media":15427,"comment_status":"open","ping_status":"closed","template":"","meta":[],"product_brand":[],"product_cat":[225],"product_tag":[817,547,816,998,509,506,997,999,987,988,504,505,510],"flavor":[418,417],"allergens":[],"class_list":{"0":"post-6086","1":"product","2":"type-product","3":"status-publish","4":"has-post-thumbnail","6":"product_cat-bulk-candy-godis-fabrica","7":"product_tag-coca-cola","8":"product_tag-cola","9":"product_tag-cola-flavor","10":"product_tag-cola-soother","11":"product_tag-colourful","12":"product_tag-haribo","13":"product_tag-kola","14":"product_tag-kola-tutti","15":"product_tag-nappar","16":"product_tag-nappar-haribo","17":"product_tag-soother","18":"product_tag-soothers","19":"product_tag-tutti","20":"flavor-cola","21":"flavor-jelly","23":"first","24":"outofstock","25":"taxable","26":"shipping-taxable","27":"purchasable","28":"product-type-simple"},"_links":{"self":[{"href":"https:\/\/godisfabricabusiness.com\/es\/wp-json\/wp\/v2\/product\/6086","targetHints":{"allow":["GET"]}}],"collection":[{"href":"https:\/\/godisfabricabusiness.com\/es\/wp-json\/wp\/v2\/product"}],"about":[{"href":"https:\/\/godisfabricabusiness.com\/es\/wp-json\/wp\/v2\/types\/product"}],"replies":[{"embeddable":true,"href":"https:\/\/godisfabricabusiness.com\/es\/wp-json\/wp\/v2\/comments?post=6086"}],"wp:featuredmedia":[{"embeddable":true,"href":"https:\/\/godisfabricabusiness.com\/es\/wp-json\/wp\/v2\/media\/15427"}],"wp:attachment":[{"href":"https:\/\/godisfabricabusiness.com\/es\/wp-json\/wp\/v2\/media?parent=6086"}],"wp:term":[{"taxonomy":"product_brand","embeddable":true,"href":"https:\/\/godisfabricabusiness.com\/es\/wp-json\/wp\/v2\/product_brand?post=6086"},{"taxonomy":"product_cat","embeddable":true,"href":"https:\/\/godisfabricabusiness.com\/es\/wp-json\/wp\/v2\/product_cat?post=6086"},{"taxonomy":"product_tag","embeddable":true,"href":"https:\/\/godisfabricabusiness.com\/es\/wp-json\/wp\/v2\/product_tag?post=6086"},{"taxonomy":"flavor","embeddable":true,"href":"https:\/\/godisfabricabusiness.com\/es\/wp-json\/wp\/v2\/flavor?post=6086"},{"taxonomy":"allergens","embeddable":true,"href":"https:\/\/godisfabricabusiness.com\/es\/wp-json\/wp\/v2\/allergens?post=6086"}],"curies":[{"name":"wp","href":"https:\/\/api.w.org\/{rel}","templated":true}]}}