{"id":6089,"date":"2024-04-22T19:53:18","date_gmt":"2024-04-22T17:53:18","guid":{"rendered":"https:\/\/godisfabricabusiness.com\/?post_type=product&#038;p=6089"},"modified":"2026-01-10T17:59:26","modified_gmt":"2026-01-10T16:59:26","slug":"big-sour-cola-soothers","status":"publish","type":"product","link":"https:\/\/godisfabricabusiness.com\/es\/producto\/big-sour-cola-soothers\/","title":{"rendered":"Chupetes de Cola \u00c1cido y Fizzy"},"content":{"rendered":"<p>Chupetes de Cola \u00c1cido y Fizzy \u2013 \u00a1La soda con un giro \u00e1cido!<\/p>\n<p>\u00bfQui\u00e9n necesita una pajilla cuando puedes masticar tu cola? Estos caramelos \u00e1cidos de cola llevan el sabor mundialmente famoso de la cola a otro nivel, con una fizzy acidez que te har\u00e1 hacer una mueca. Estas deliciosas golosinas son efervescentes, \u00e1cidas y tremendamente adictivas, \u00a1como tomar tu soda favorita, pero sin derrames! Perfectas para antojos de bocadillos, amantes de los dulces \u00e1cidos o cualquiera que piense que la cola regular no es lo suficientemente emocionante.<\/p>\n<p>\u00a1Advertencia: pueden causar un irresistible deseo de seguir masticando!<\/p>","protected":false},"excerpt":{"rendered":"<p>2 unidades - 20g<\/p>","protected":false},"featured_media":6551,"comment_status":"open","ping_status":"closed","template":"","meta":[],"product_brand":[],"product_cat":[225],"product_tag":[817,547,816,998,509,967,997,999,987,988,504,505,435,585,805,510],"flavor":[418,415],"allergens":[426],"class_list":{"0":"post-6089","1":"product","2":"type-product","3":"status-publish","4":"has-post-thumbnail","6":"product_cat-bulk-candy-godis-fabrica","7":"product_tag-coca-cola","8":"product_tag-cola","9":"product_tag-cola-flavor","10":"product_tag-cola-soother","11":"product_tag-colourful","12":"product_tag-gsd","13":"product_tag-kola","14":"product_tag-kola-tutti","15":"product_tag-nappar","16":"product_tag-nappar-haribo","17":"product_tag-soother","18":"product_tag-soothers","19":"product_tag-sour","20":"product_tag-sour-candy","21":"product_tag-sour-cola","22":"product_tag-tutti","23":"flavor-cola","24":"flavor-sour","25":"allergens-gelatin-free","27":"first","28":"outofstock","29":"taxable","30":"shipping-taxable","31":"purchasable","32":"product-type-simple"},"_links":{"self":[{"href":"https:\/\/godisfabricabusiness.com\/es\/wp-json\/wp\/v2\/product\/6089","targetHints":{"allow":["GET"]}}],"collection":[{"href":"https:\/\/godisfabricabusiness.com\/es\/wp-json\/wp\/v2\/product"}],"about":[{"href":"https:\/\/godisfabricabusiness.com\/es\/wp-json\/wp\/v2\/types\/product"}],"replies":[{"embeddable":true,"href":"https:\/\/godisfabricabusiness.com\/es\/wp-json\/wp\/v2\/comments?post=6089"}],"wp:featuredmedia":[{"embeddable":true,"href":"https:\/\/godisfabricabusiness.com\/es\/wp-json\/wp\/v2\/media\/6551"}],"wp:attachment":[{"href":"https:\/\/godisfabricabusiness.com\/es\/wp-json\/wp\/v2\/media?parent=6089"}],"wp:term":[{"taxonomy":"product_brand","embeddable":true,"href":"https:\/\/godisfabricabusiness.com\/es\/wp-json\/wp\/v2\/product_brand?post=6089"},{"taxonomy":"product_cat","embeddable":true,"href":"https:\/\/godisfabricabusiness.com\/es\/wp-json\/wp\/v2\/product_cat?post=6089"},{"taxonomy":"product_tag","embeddable":true,"href":"https:\/\/godisfabricabusiness.com\/es\/wp-json\/wp\/v2\/product_tag?post=6089"},{"taxonomy":"flavor","embeddable":true,"href":"https:\/\/godisfabricabusiness.com\/es\/wp-json\/wp\/v2\/flavor?post=6089"},{"taxonomy":"allergens","embeddable":true,"href":"https:\/\/godisfabricabusiness.com\/es\/wp-json\/wp\/v2\/allergens?post=6089"}],"curies":[{"name":"wp","href":"https:\/\/api.w.org\/{rel}","templated":true}]}}