{"id":6149,"date":"2024-04-24T20:18:18","date_gmt":"2024-04-24T18:18:18","guid":{"rendered":"https:\/\/godisfabricabusiness.com\/?post_type=product&#038;p=6149"},"modified":"2026-01-10T17:59:26","modified_gmt":"2026-01-10T16:59:26","slug":"geisha-chocolate-bar","status":"publish","type":"product","link":"https:\/\/godisfabricabusiness.com\/es\/producto\/geisha-chocolate-bar\/","title":{"rendered":"Barra de Chocolate Geisha"},"content":{"rendered":"<p>La suave cobertura de chocolate con leche de las barras de chocolate Geisha esconde ese familiar, delicioso y crujiente relleno de avellana. Estos barras tienen deliciosa combinaci\u00f3n de un relleno maravillosamente crujiente y un exclusivo chocolate con leche. Geisha te har\u00e1 parar por un momento y simplemente disfrutar.<\/p>\n<p>El chocolate Geisha se lanz\u00f3 en 1962. Este chocolate naci\u00f3 de la idea de combinar Mimosa, un popular relleno crujiente de un producto de panader\u00eda japon\u00e9s, con el apreciado y conocido chocolate con leche de Fazer. El \u00e9xito estuvo asegurado desde el primer momento. Hoy en d\u00eda, Geisha es la marca m\u00e1s internacional de Fazer.<\/p>","protected":false},"excerpt":{"rendered":"<p>37g<\/p>","protected":false},"featured_media":6466,"comment_status":"open","ping_status":"closed","template":"","meta":[],"product_brand":[],"product_cat":[293,243],"product_tag":[986,230,454,462,229,467,1000,1001,469,228,433],"flavor":[412],"allergens":[426],"class_list":{"0":"post-6149","1":"product","2":"type-product","3":"status-publish","4":"has-post-thumbnail","6":"product_cat-candy-bags-godis-fabrica","7":"product_cat-chocolates-godis-fabrica","8":"product_tag-barra-de-chocolate","9":"product_tag-chocolate","10":"product_tag-chocolate-bar","11":"product_tag-crunchy","12":"product_tag-fazer","13":"product_tag-fazer-blue","14":"product_tag-fazer-chocolate","15":"product_tag-finland","16":"product_tag-finnish-chocolate","17":"product_tag-geisha","18":"product_tag-nougat","19":"flavor-chocolate","20":"allergens-gelatin-free","22":"first","23":"outofstock","24":"taxable","25":"shipping-taxable","26":"purchasable","27":"product-type-simple"},"_links":{"self":[{"href":"https:\/\/godisfabricabusiness.com\/es\/wp-json\/wp\/v2\/product\/6149","targetHints":{"allow":["GET"]}}],"collection":[{"href":"https:\/\/godisfabricabusiness.com\/es\/wp-json\/wp\/v2\/product"}],"about":[{"href":"https:\/\/godisfabricabusiness.com\/es\/wp-json\/wp\/v2\/types\/product"}],"replies":[{"embeddable":true,"href":"https:\/\/godisfabricabusiness.com\/es\/wp-json\/wp\/v2\/comments?post=6149"}],"wp:featuredmedia":[{"embeddable":true,"href":"https:\/\/godisfabricabusiness.com\/es\/wp-json\/wp\/v2\/media\/6466"}],"wp:attachment":[{"href":"https:\/\/godisfabricabusiness.com\/es\/wp-json\/wp\/v2\/media?parent=6149"}],"wp:term":[{"taxonomy":"product_brand","embeddable":true,"href":"https:\/\/godisfabricabusiness.com\/es\/wp-json\/wp\/v2\/product_brand?post=6149"},{"taxonomy":"product_cat","embeddable":true,"href":"https:\/\/godisfabricabusiness.com\/es\/wp-json\/wp\/v2\/product_cat?post=6149"},{"taxonomy":"product_tag","embeddable":true,"href":"https:\/\/godisfabricabusiness.com\/es\/wp-json\/wp\/v2\/product_tag?post=6149"},{"taxonomy":"flavor","embeddable":true,"href":"https:\/\/godisfabricabusiness.com\/es\/wp-json\/wp\/v2\/flavor?post=6149"},{"taxonomy":"allergens","embeddable":true,"href":"https:\/\/godisfabricabusiness.com\/es\/wp-json\/wp\/v2\/allergens?post=6149"}],"curies":[{"name":"wp","href":"https:\/\/api.w.org\/{rel}","templated":true}]}}