{"id":6184,"date":"2024-04-25T13:21:43","date_gmt":"2024-04-25T11:21:43","guid":{"rendered":"https:\/\/godisfabricabusiness.com\/?post_type=product&#038;p=6184"},"modified":"2026-01-10T17:59:26","modified_gmt":"2026-01-10T16:59:26","slug":"green-apple-liquorice-tube","status":"publish","type":"product","link":"https:\/\/godisfabricabusiness.com\/es\/producto\/green-apple-liquorice-tube\/","title":{"rendered":"Regaliz de Manzana Verde"},"content":{"rendered":"<p>Los tubos de Regaliz de Manzana Verde son tubos de regaliz masticables con una capa exterior colorida con sabor a manzana verde. Regaliz finland\u00e9s cl\u00e1sico directamente de la f\u00e1brica de regaliz de Porvoo, Finlandia.<\/p>","protected":false},"excerpt":{"rendered":"<p>8 unidades \u2013 19g<\/p>","protected":false},"featured_media":6177,"comment_status":"open","ping_status":"closed","template":"","meta":[],"product_brand":[],"product_cat":[225],"product_tag":[885,559,236,529,1005,1002,1003,1004,677,698,517,516,697],"flavor":[411,413],"allergens":[],"class_list":{"0":"post-6184","1":"product","2":"type-product","3":"status-publish","4":"has-post-thumbnail","6":"product_cat-bulk-candy-godis-fabrica","7":"product_tag-filled-liquorice","8":"product_tag-lakritsi","9":"product_tag-licorice","10":"product_tag-liquorice","11":"product_tag-little","12":"product_tag-noitapilli","13":"product_tag-noitaputki","14":"product_tag-porvoon-lakritsi","15":"product_tag-regaliz","16":"product_tag-regaliz-dulce","17":"product_tag-salmiak","18":"product_tag-salmiakki","19":"product_tag-sweet-liquorice","20":"flavor-fruity","21":"flavor-liquorice","23":"first","24":"outofstock","25":"sale","26":"taxable","27":"shipping-taxable","28":"purchasable","29":"product-type-simple"},"_links":{"self":[{"href":"https:\/\/godisfabricabusiness.com\/es\/wp-json\/wp\/v2\/product\/6184","targetHints":{"allow":["GET"]}}],"collection":[{"href":"https:\/\/godisfabricabusiness.com\/es\/wp-json\/wp\/v2\/product"}],"about":[{"href":"https:\/\/godisfabricabusiness.com\/es\/wp-json\/wp\/v2\/types\/product"}],"replies":[{"embeddable":true,"href":"https:\/\/godisfabricabusiness.com\/es\/wp-json\/wp\/v2\/comments?post=6184"}],"wp:featuredmedia":[{"embeddable":true,"href":"https:\/\/godisfabricabusiness.com\/es\/wp-json\/wp\/v2\/media\/6177"}],"wp:attachment":[{"href":"https:\/\/godisfabricabusiness.com\/es\/wp-json\/wp\/v2\/media?parent=6184"}],"wp:term":[{"taxonomy":"product_brand","embeddable":true,"href":"https:\/\/godisfabricabusiness.com\/es\/wp-json\/wp\/v2\/product_brand?post=6184"},{"taxonomy":"product_cat","embeddable":true,"href":"https:\/\/godisfabricabusiness.com\/es\/wp-json\/wp\/v2\/product_cat?post=6184"},{"taxonomy":"product_tag","embeddable":true,"href":"https:\/\/godisfabricabusiness.com\/es\/wp-json\/wp\/v2\/product_tag?post=6184"},{"taxonomy":"flavor","embeddable":true,"href":"https:\/\/godisfabricabusiness.com\/es\/wp-json\/wp\/v2\/flavor?post=6184"},{"taxonomy":"allergens","embeddable":true,"href":"https:\/\/godisfabricabusiness.com\/es\/wp-json\/wp\/v2\/allergens?post=6184"}],"curies":[{"name":"wp","href":"https:\/\/api.w.org\/{rel}","templated":true}]}}