{"id":6186,"date":"2024-04-25T13:49:30","date_gmt":"2024-04-25T11:49:30","guid":{"rendered":"https:\/\/godisfabricabusiness.com\/?post_type=product&#038;p=6186"},"modified":"2026-01-10T17:59:25","modified_gmt":"2026-01-10T16:59:25","slug":"sisu-lemon-pepper-liquorice","status":"publish","type":"product","link":"https:\/\/godisfabricabusiness.com\/es\/producto\/sisu-lemon-pepper-liquorice\/","title":{"rendered":"Sisu Lim\u00f3n Pimienta"},"content":{"rendered":"<p>Sisu Lim\u00f3n Pimientas son unos palitos de regaliz suaves con un relleno de pimiento picante y suave lim\u00f3n. Los Dulces de Pimienta y Lim\u00f3n Sisu no contienen aceite de palma y est\u00e1n elaborados con colorantes y sabores naturales. Un aut\u00e9ntico favorito finland\u00e9s para el bolso Pick &amp; Mix. \u00a1Perfecto para todos los amantes del regaliz!<\/p>","protected":false},"excerpt":{"rendered":"<p>6 units &#8211; 21g<\/p>","protected":false},"featured_media":6181,"comment_status":"open","ping_status":"closed","template":"","meta":[],"product_brand":[],"product_cat":[225],"product_tag":[551,885,559,546,236,668,529,1005,1002,873,1006,677,698,517,516,561,697],"flavor":[413,414],"allergens":[],"class_list":{"0":"post-6186","1":"product","2":"type-product","3":"status-publish","4":"has-post-thumbnail","6":"product_cat-bulk-candy-godis-fabrica","7":"product_tag-cloetta","8":"product_tag-filled-liquorice","9":"product_tag-lakritsi","10":"product_tag-lemon","11":"product_tag-licorice","12":"product_tag-limon","13":"product_tag-liquorice","14":"product_tag-little","15":"product_tag-noitapilli","16":"product_tag-pepper","17":"product_tag-pimienta","18":"product_tag-regaliz","19":"product_tag-regaliz-dulce","20":"product_tag-salmiak","21":"product_tag-salmiakki","22":"product_tag-salty","23":"product_tag-sweet-liquorice","24":"flavor-liquorice","25":"flavor-salty","27":"first","28":"outofstock","29":"sale","30":"taxable","31":"shipping-taxable","32":"purchasable","33":"product-type-simple"},"_links":{"self":[{"href":"https:\/\/godisfabricabusiness.com\/es\/wp-json\/wp\/v2\/product\/6186","targetHints":{"allow":["GET"]}}],"collection":[{"href":"https:\/\/godisfabricabusiness.com\/es\/wp-json\/wp\/v2\/product"}],"about":[{"href":"https:\/\/godisfabricabusiness.com\/es\/wp-json\/wp\/v2\/types\/product"}],"replies":[{"embeddable":true,"href":"https:\/\/godisfabricabusiness.com\/es\/wp-json\/wp\/v2\/comments?post=6186"}],"wp:featuredmedia":[{"embeddable":true,"href":"https:\/\/godisfabricabusiness.com\/es\/wp-json\/wp\/v2\/media\/6181"}],"wp:attachment":[{"href":"https:\/\/godisfabricabusiness.com\/es\/wp-json\/wp\/v2\/media?parent=6186"}],"wp:term":[{"taxonomy":"product_brand","embeddable":true,"href":"https:\/\/godisfabricabusiness.com\/es\/wp-json\/wp\/v2\/product_brand?post=6186"},{"taxonomy":"product_cat","embeddable":true,"href":"https:\/\/godisfabricabusiness.com\/es\/wp-json\/wp\/v2\/product_cat?post=6186"},{"taxonomy":"product_tag","embeddable":true,"href":"https:\/\/godisfabricabusiness.com\/es\/wp-json\/wp\/v2\/product_tag?post=6186"},{"taxonomy":"flavor","embeddable":true,"href":"https:\/\/godisfabricabusiness.com\/es\/wp-json\/wp\/v2\/flavor?post=6186"},{"taxonomy":"allergens","embeddable":true,"href":"https:\/\/godisfabricabusiness.com\/es\/wp-json\/wp\/v2\/allergens?post=6186"}],"curies":[{"name":"wp","href":"https:\/\/api.w.org\/{rel}","templated":true}]}}