{"id":6187,"date":"2024-04-25T15:25:00","date_gmt":"2024-04-25T13:25:00","guid":{"rendered":"https:\/\/godisfabricabusiness.com\/?post_type=product&#038;p=6187"},"modified":"2026-01-10T17:59:25","modified_gmt":"2026-01-10T16:59:25","slug":"salty-fish-malaco","status":"publish","type":"product","link":"https:\/\/godisfabricabusiness.com\/es\/producto\/salty-fish-malaco\/","title":{"rendered":"Pescado Salado"},"content":{"rendered":"<p class=\"p2\">Pescado Salado (Malaco Salt Sill): \u00a1ahora con sabor a regaliz salado! \u00a1Definitivamente un favorito en Suecia y pronto aqu\u00ed tambi\u00e9n! \u00a1A\u00f1ade un poco de diversi\u00f3n a tu d\u00eda con este caramelo de regaliz que parece un pez!<\/p>","protected":false},"excerpt":{"rendered":"<p>3 unicades \u2013 22g<\/p>","protected":false},"featured_media":15428,"comment_status":"open","ping_status":"closed","template":"","meta":[],"product_brand":[],"product_cat":[225],"product_tag":[551,1008,1009,236,529,545,579,1007,561,923,552],"flavor":[413,414],"allergens":[426,428],"class_list":{"0":"post-6187","1":"product","2":"type-product","3":"status-publish","4":"has-post-thumbnail","6":"product_cat-bulk-candy-godis-fabrica","7":"product_tag-cloetta","8":"product_tag-fish","9":"product_tag-fisk","10":"product_tag-licorice","11":"product_tag-liquorice","12":"product_tag-magical","13":"product_tag-malaco","14":"product_tag-salt-sill","15":"product_tag-salty","16":"product_tag-salty-liquorice","17":"product_tag-swedish-candy","18":"flavor-liquorice","19":"flavor-salty","20":"allergens-gelatin-free","21":"allergens-gluten-free","23":"first","24":"outofstock","25":"taxable","26":"shipping-taxable","27":"purchasable","28":"product-type-simple"},"_links":{"self":[{"href":"https:\/\/godisfabricabusiness.com\/es\/wp-json\/wp\/v2\/product\/6187","targetHints":{"allow":["GET"]}}],"collection":[{"href":"https:\/\/godisfabricabusiness.com\/es\/wp-json\/wp\/v2\/product"}],"about":[{"href":"https:\/\/godisfabricabusiness.com\/es\/wp-json\/wp\/v2\/types\/product"}],"replies":[{"embeddable":true,"href":"https:\/\/godisfabricabusiness.com\/es\/wp-json\/wp\/v2\/comments?post=6187"}],"wp:featuredmedia":[{"embeddable":true,"href":"https:\/\/godisfabricabusiness.com\/es\/wp-json\/wp\/v2\/media\/15428"}],"wp:attachment":[{"href":"https:\/\/godisfabricabusiness.com\/es\/wp-json\/wp\/v2\/media?parent=6187"}],"wp:term":[{"taxonomy":"product_brand","embeddable":true,"href":"https:\/\/godisfabricabusiness.com\/es\/wp-json\/wp\/v2\/product_brand?post=6187"},{"taxonomy":"product_cat","embeddable":true,"href":"https:\/\/godisfabricabusiness.com\/es\/wp-json\/wp\/v2\/product_cat?post=6187"},{"taxonomy":"product_tag","embeddable":true,"href":"https:\/\/godisfabricabusiness.com\/es\/wp-json\/wp\/v2\/product_tag?post=6187"},{"taxonomy":"flavor","embeddable":true,"href":"https:\/\/godisfabricabusiness.com\/es\/wp-json\/wp\/v2\/flavor?post=6187"},{"taxonomy":"allergens","embeddable":true,"href":"https:\/\/godisfabricabusiness.com\/es\/wp-json\/wp\/v2\/allergens?post=6187"}],"curies":[{"name":"wp","href":"https:\/\/api.w.org\/{rel}","templated":true}]}}