{"id":6194,"date":"2024-04-25T16:22:08","date_gmt":"2024-04-25T14:22:08","guid":{"rendered":"https:\/\/godisfabricabusiness.com\/?post_type=product&#038;p=6194"},"modified":"2026-01-10T17:59:25","modified_gmt":"2026-01-10T16:59:25","slug":"marshmallow-hearts-candy","status":"publish","type":"product","link":"https:\/\/godisfabricabusiness.com\/es\/producto\/marshmallow-hearts-candy\/","title":{"rendered":"Nubes Coraz\u00f3n"},"content":{"rendered":"<p data-start=\"153\" data-end=\"205\">Nubes Coraz\u00f3n \u2013 Suaves, Dulces y Adorables<\/p>\n<p data-start=\"207\" data-end=\"727\">Te presentamos las Nubes Coraz\u00f3n, el cl\u00e1sico caramelo de nubes con forma de coraz\u00f3n que encanta a grandes y peque\u00f1os. Estas suaves y esponjosas nubes rosas y blancas se derriten en la boca y son perfectas como detalle para fiestas, decoraci\u00f3n de reposter\u00eda o un dulce capricho en cualquier momento. Tiernas, divertidas y deliciosas, estas nubes en forma de coraz\u00f3n hacen que cada momento sea m\u00e1s dulce y divertido.<\/p>\n<p data-start=\"207\" data-end=\"727\">Ya sea para compartir con amigos o para darte un peque\u00f1o gusto, las Nubes Coraz\u00f3n son la manera perfecta de disfrutar un dulce cl\u00e1sico lleno de encanto y sabor.<\/p>","protected":false},"excerpt":{"rendered":"<p>5 unidades - 30g<\/p>","protected":false},"featured_media":15437,"comment_status":"open","ping_status":"closed","template":"","meta":[],"product_brand":[],"product_cat":[225],"product_tag":[1169,441,1174,736,1092,1122,443,738,735,615,1093,438,439,442,1847,750,1091,1846,1214,1177,522,792,1848,1168],"flavor":[410,411],"allergens":[428],"class_list":{"0":"post-6194","1":"product","2":"type-product","3":"status-publish","4":"has-post-thumbnail","6":"product_cat-bulk-candy-godis-fabrica","7":"product_tag-amor","8":"product_tag-corazon","9":"product_tag-corazones","10":"product_tag-espuma","11":"product_tag-fini","12":"product_tag-fini-candy","13":"product_tag-foam","14":"product_tag-foam-candy","15":"product_tag-foamy","16":"product_tag-fresa","17":"product_tag-gluten-free","18":"product_tag-heart","19":"product_tag-hearts","20":"product_tag-love","21":"product_tag-malavisco","22":"product_tag-mansikka","23":"product_tag-marshmallow","24":"product_tag-marshmallow-hearts","25":"product_tag-nubes","26":"product_tag-san-valentin","27":"product_tag-strawberry","28":"product_tag-strawberry-foam","29":"product_tag-sydan","30":"product_tag-valentines-day-candy","31":"flavor-foam","32":"flavor-fruity","33":"allergens-gluten-free","35":"first","36":"outofstock","37":"sale","38":"taxable","39":"shipping-taxable","40":"purchasable","41":"product-type-simple"},"_links":{"self":[{"href":"https:\/\/godisfabricabusiness.com\/es\/wp-json\/wp\/v2\/product\/6194","targetHints":{"allow":["GET"]}}],"collection":[{"href":"https:\/\/godisfabricabusiness.com\/es\/wp-json\/wp\/v2\/product"}],"about":[{"href":"https:\/\/godisfabricabusiness.com\/es\/wp-json\/wp\/v2\/types\/product"}],"replies":[{"embeddable":true,"href":"https:\/\/godisfabricabusiness.com\/es\/wp-json\/wp\/v2\/comments?post=6194"}],"wp:featuredmedia":[{"embeddable":true,"href":"https:\/\/godisfabricabusiness.com\/es\/wp-json\/wp\/v2\/media\/15437"}],"wp:attachment":[{"href":"https:\/\/godisfabricabusiness.com\/es\/wp-json\/wp\/v2\/media?parent=6194"}],"wp:term":[{"taxonomy":"product_brand","embeddable":true,"href":"https:\/\/godisfabricabusiness.com\/es\/wp-json\/wp\/v2\/product_brand?post=6194"},{"taxonomy":"product_cat","embeddable":true,"href":"https:\/\/godisfabricabusiness.com\/es\/wp-json\/wp\/v2\/product_cat?post=6194"},{"taxonomy":"product_tag","embeddable":true,"href":"https:\/\/godisfabricabusiness.com\/es\/wp-json\/wp\/v2\/product_tag?post=6194"},{"taxonomy":"flavor","embeddable":true,"href":"https:\/\/godisfabricabusiness.com\/es\/wp-json\/wp\/v2\/flavor?post=6194"},{"taxonomy":"allergens","embeddable":true,"href":"https:\/\/godisfabricabusiness.com\/es\/wp-json\/wp\/v2\/allergens?post=6194"}],"curies":[{"name":"wp","href":"https:\/\/api.w.org\/{rel}","templated":true}]}}