{"id":6200,"date":"2024-04-25T17:04:20","date_gmt":"2024-04-25T15:04:20","guid":{"rendered":"https:\/\/godisfabricabusiness.com\/?post_type=product&#038;p=6200"},"modified":"2026-01-10T17:59:25","modified_gmt":"2026-01-10T16:59:25","slug":"salted-salmiak-beam","status":"publish","type":"product","link":"https:\/\/godisfabricabusiness.com\/es\/producto\/salted-salmiak-beam\/","title":{"rendered":"Palo de Salmiak Salado"},"content":{"rendered":"<p>Palo de Salmiak Salado es chuche con una textura ligeramente masticable y cubierto con polvo salado. Sin duda, uno de los favoritos de todos los tiempos entre los amantes del regaliz salado. El salmiak es un tipo de \u201cregaliz\u201d finland\u00e9s, algo similar al regaliz salado. Adem\u00e1s, estos dulces, como muchos otros en nuestra tienda online, est\u00e1n libres de gelatina.<\/p>","protected":false},"excerpt":{"rendered":"<p>4 unidades \u2013 23g<\/p>","protected":false},"featured_media":6470,"comment_status":"open","ping_status":"closed","template":"","meta":[],"product_brand":[],"product_cat":[225],"product_tag":[885,559,236,529,579,1003,1015,677,698,1013,517,1014,516,697],"flavor":[413,414],"allergens":[426],"class_list":{"0":"post-6200","1":"product","2":"type-product","3":"status-publish","4":"has-post-thumbnail","6":"product_cat-bulk-candy-godis-fabrica","7":"product_tag-filled-liquorice","8":"product_tag-lakritsi","9":"product_tag-licorice","10":"product_tag-liquorice","11":"product_tag-malaco","12":"product_tag-noitaputki","13":"product_tag-palkki","14":"product_tag-regaliz","15":"product_tag-regaliz-dulce","16":"product_tag-regaliz-salteado","17":"product_tag-salmiak","18":"product_tag-salmiakbalk","19":"product_tag-salmiakki","20":"product_tag-sweet-liquorice","21":"flavor-liquorice","22":"flavor-salty","23":"allergens-gelatin-free","25":"first","26":"outofstock","27":"taxable","28":"shipping-taxable","29":"purchasable","30":"product-type-simple"},"_links":{"self":[{"href":"https:\/\/godisfabricabusiness.com\/es\/wp-json\/wp\/v2\/product\/6200","targetHints":{"allow":["GET"]}}],"collection":[{"href":"https:\/\/godisfabricabusiness.com\/es\/wp-json\/wp\/v2\/product"}],"about":[{"href":"https:\/\/godisfabricabusiness.com\/es\/wp-json\/wp\/v2\/types\/product"}],"replies":[{"embeddable":true,"href":"https:\/\/godisfabricabusiness.com\/es\/wp-json\/wp\/v2\/comments?post=6200"}],"wp:featuredmedia":[{"embeddable":true,"href":"https:\/\/godisfabricabusiness.com\/es\/wp-json\/wp\/v2\/media\/6470"}],"wp:attachment":[{"href":"https:\/\/godisfabricabusiness.com\/es\/wp-json\/wp\/v2\/media?parent=6200"}],"wp:term":[{"taxonomy":"product_brand","embeddable":true,"href":"https:\/\/godisfabricabusiness.com\/es\/wp-json\/wp\/v2\/product_brand?post=6200"},{"taxonomy":"product_cat","embeddable":true,"href":"https:\/\/godisfabricabusiness.com\/es\/wp-json\/wp\/v2\/product_cat?post=6200"},{"taxonomy":"product_tag","embeddable":true,"href":"https:\/\/godisfabricabusiness.com\/es\/wp-json\/wp\/v2\/product_tag?post=6200"},{"taxonomy":"flavor","embeddable":true,"href":"https:\/\/godisfabricabusiness.com\/es\/wp-json\/wp\/v2\/flavor?post=6200"},{"taxonomy":"allergens","embeddable":true,"href":"https:\/\/godisfabricabusiness.com\/es\/wp-json\/wp\/v2\/allergens?post=6200"}],"curies":[{"name":"wp","href":"https:\/\/api.w.org\/{rel}","templated":true}]}}