{"id":6213,"date":"2024-04-25T19:01:27","date_gmt":"2024-04-25T17:01:27","guid":{"rendered":"https:\/\/godisfabricabusiness.com\/?post_type=product&#038;p=6213"},"modified":"2026-01-10T17:59:25","modified_gmt":"2026-01-10T16:59:25","slug":"fazer-marianne-chocolate","status":"publish","type":"product","link":"https:\/\/godisfabricabusiness.com\/es\/producto\/fazer-marianne-chocolate\/","title":{"rendered":"Chocolate Marianne Fazer"},"content":{"rendered":"<p>Fazer Marianne Chocolate is<strong> classic milk chocolate made from fresh milk combined with little Marianne candy crumbs. <\/strong>Fazer es el chocolate m\u00e1s querido de Finlandia desde 1922. Su sabor suave y \u00fanico est\u00e1 garantizado utilizando solo los mejores ingredientes. Los deliciosos chocolates de Fazer est\u00e1n elaborados con cacao 100 % producido de forma responsable. Comparte con tus amigos o reg\u00e1late un momento delicioso.<\/p>","protected":false},"excerpt":{"rendered":"<p>145g<\/p>","protected":false},"featured_media":6210,"comment_status":"open","ping_status":"closed","template":"","meta":[],"product_brand":[],"product_cat":[243,293],"product_tag":[465,230,229,467,469,468,464,466],"flavor":[412,420,419],"allergens":[426],"class_list":{"0":"post-6213","1":"product","2":"type-product","3":"status-publish","4":"has-post-thumbnail","6":"product_cat-chocolates-godis-fabrica","7":"product_cat-candy-bags-godis-fabrica","8":"product_tag-bulk-candy","9":"product_tag-chocolate","10":"product_tag-fazer","11":"product_tag-fazer-blue","12":"product_tag-finnish-chocolate","13":"product_tag-original","14":"product_tag-pickmix","15":"product_tag-sininen","16":"flavor-chocolate","17":"flavor-mint","18":"flavor-palm-oil-free","19":"allergens-gelatin-free","21":"first","22":"outofstock","23":"taxable","24":"shipping-taxable","25":"purchasable","26":"product-type-simple"},"_links":{"self":[{"href":"https:\/\/godisfabricabusiness.com\/es\/wp-json\/wp\/v2\/product\/6213","targetHints":{"allow":["GET"]}}],"collection":[{"href":"https:\/\/godisfabricabusiness.com\/es\/wp-json\/wp\/v2\/product"}],"about":[{"href":"https:\/\/godisfabricabusiness.com\/es\/wp-json\/wp\/v2\/types\/product"}],"replies":[{"embeddable":true,"href":"https:\/\/godisfabricabusiness.com\/es\/wp-json\/wp\/v2\/comments?post=6213"}],"wp:featuredmedia":[{"embeddable":true,"href":"https:\/\/godisfabricabusiness.com\/es\/wp-json\/wp\/v2\/media\/6210"}],"wp:attachment":[{"href":"https:\/\/godisfabricabusiness.com\/es\/wp-json\/wp\/v2\/media?parent=6213"}],"wp:term":[{"taxonomy":"product_brand","embeddable":true,"href":"https:\/\/godisfabricabusiness.com\/es\/wp-json\/wp\/v2\/product_brand?post=6213"},{"taxonomy":"product_cat","embeddable":true,"href":"https:\/\/godisfabricabusiness.com\/es\/wp-json\/wp\/v2\/product_cat?post=6213"},{"taxonomy":"product_tag","embeddable":true,"href":"https:\/\/godisfabricabusiness.com\/es\/wp-json\/wp\/v2\/product_tag?post=6213"},{"taxonomy":"flavor","embeddable":true,"href":"https:\/\/godisfabricabusiness.com\/es\/wp-json\/wp\/v2\/flavor?post=6213"},{"taxonomy":"allergens","embeddable":true,"href":"https:\/\/godisfabricabusiness.com\/es\/wp-json\/wp\/v2\/allergens?post=6213"}],"curies":[{"name":"wp","href":"https:\/\/api.w.org\/{rel}","templated":true}]}}