{"id":6250,"date":"2024-04-28T17:14:58","date_gmt":"2024-04-28T15:14:58","guid":{"rendered":"https:\/\/godisfabricabusiness.com\/?post_type=product&#038;p=6250"},"modified":"2026-01-10T17:59:25","modified_gmt":"2026-01-10T16:59:25","slug":"school-chalk-liquorice","status":"publish","type":"product","link":"https:\/\/godisfabricabusiness.com\/es\/producto\/school-chalk-liquorice\/","title":{"rendered":"Regaliz de Tiza Escolar"},"content":{"rendered":"<p class=\"tw-data-text tw-text-large tw-ta\" dir=\"ltr\" data-placeholder=\"Translation\" aria-label=\"Translated text\" data-ved=\"2ahUKEwjUwfXlmrKFAxXMdqQEHbNtCwMQ3ewLegQIBRAU\">El Regaliz de Tiza Escolar en finland\u00e9s o sueco conocido como \u201cliitulaku\u201d o \u201cskolekridt\u201d es un dulce de regaliz cl\u00e1sico originario de Dinamarca. Muy popular en los pa\u00edses n\u00f3rdicos, este dulce tiene una capa crujiente de sabor menta y relleno de regaliz salado. El nombre proviene de su apariencia, ya que realmente se parece a la tiza de la escuela que us\u00e1bamos para escribir en la pizarra. \u00bfQuiz\u00e1s podr\u00edamos probar si esta tiza dulce tambi\u00e9n ser\u00eda adecuada para eso? Es broma... \u00a1Mejor comerlo!<\/p>\n<div style=\"display: none;\">\n<h5 style=\"display: none;\">Regaliz de Tiza Escolar<\/h5>\n<h5><img decoding=\"async\" style=\"display: none;\" src=\"https:\/\/godisfabricabusiness.com\/wp-content\/uploads\/2024\/08\/IMG_5948-scaled.jpg\" alt=\"Candy Shop\" \/><\/h5>\n<p style=\"display: none;\">Shop delicious candies at our online candy shop in Spain. Explore a variety of sweets at Godisfabrica and enjoy fast delivery across Spain! &#8220;Shop your favorite candies at our online candy shop in Spain. Fast delivery, wide selection, and sweet deals await. Order now!&#8221; Shop online at Godisfabrica for the best candy in Spain. Discover delicious sweets, fast shipping, and premium quality treats today!<\/p>\n<\/div>\n<div style=\"display: none;\">\n<h5 style=\"display: none;\">Regaliz de Tiza Escolar<\/h5>\n<h5><img decoding=\"async\" style=\"display: none;\" src=\"https:\/\/godisfabricabusiness.com\/wp-content\/uploads\/2024\/08\/IMG_5948-scaled.jpg\" alt=\"Candy Shop\" \/><\/h5>\n<p style=\"display: none;\">Shop delicious candies at our online candy shop in Spain. Explore a variety of sweets at Godisfabrica and enjoy fast delivery across Spain! &#8220;Shop your favorite candies at our online candy shop in Spain. Fast delivery, wide selection, and sweet deals await. Order now!&#8221; Shop online at Godisfabrica for the best candy in Spain. Discover delicious sweets, fast shipping, and premium quality treats today!<\/p>\n<\/div>\n<p><img decoding=\"async\" style=\"display: none;\" src=\"https:\/\/godisfabricabusiness.com\/wp-content\/uploads\/2024\/08\/IMG_5948-scaled.jpg\" alt=\"Candy Shop\" \/><img decoding=\"async\" style=\"display: none;\" src=\"https:\/\/godisfabricabusiness.com\/wp-content\/uploads\/2024\/08\/IMG_5948-scaled.jpg\" alt=\"Candy Shop\" \/><\/p>","protected":false},"excerpt":{"rendered":"<p>8 units &#8211; 25g<\/p>","protected":false},"featured_media":6391,"comment_status":"open","ping_status":"closed","template":"","meta":[],"product_brand":[],"product_cat":[225],"product_tag":[478,229,236,1042,529,689,460,691,516,1032,1034,923,1041,600],"flavor":[413,420],"allergens":[426],"class_list":{"0":"post-6250","1":"product","2":"type-product","3":"status-publish","4":"has-post-thumbnail","6":"product_cat-bulk-candy-godis-fabrica","7":"product_tag-classic","8":"product_tag-fazer","9":"product_tag-licorice","10":"product_tag-liitulaku","11":"product_tag-liquorice","12":"product_tag-menta","13":"product_tag-mint","14":"product_tag-minttu","15":"product_tag-salmiakki","16":"product_tag-salta","17":"product_tag-salty-candy","18":"product_tag-salty-liquorice","19":"product_tag-skolekridt","20":"product_tag-suolainen","21":"flavor-liquorice","22":"flavor-mint","23":"allergens-gelatin-free","25":"first","26":"outofstock","27":"taxable","28":"shipping-taxable","29":"purchasable","30":"product-type-simple"},"_links":{"self":[{"href":"https:\/\/godisfabricabusiness.com\/es\/wp-json\/wp\/v2\/product\/6250","targetHints":{"allow":["GET"]}}],"collection":[{"href":"https:\/\/godisfabricabusiness.com\/es\/wp-json\/wp\/v2\/product"}],"about":[{"href":"https:\/\/godisfabricabusiness.com\/es\/wp-json\/wp\/v2\/types\/product"}],"replies":[{"embeddable":true,"href":"https:\/\/godisfabricabusiness.com\/es\/wp-json\/wp\/v2\/comments?post=6250"}],"wp:featuredmedia":[{"embeddable":true,"href":"https:\/\/godisfabricabusiness.com\/es\/wp-json\/wp\/v2\/media\/6391"}],"wp:attachment":[{"href":"https:\/\/godisfabricabusiness.com\/es\/wp-json\/wp\/v2\/media?parent=6250"}],"wp:term":[{"taxonomy":"product_brand","embeddable":true,"href":"https:\/\/godisfabricabusiness.com\/es\/wp-json\/wp\/v2\/product_brand?post=6250"},{"taxonomy":"product_cat","embeddable":true,"href":"https:\/\/godisfabricabusiness.com\/es\/wp-json\/wp\/v2\/product_cat?post=6250"},{"taxonomy":"product_tag","embeddable":true,"href":"https:\/\/godisfabricabusiness.com\/es\/wp-json\/wp\/v2\/product_tag?post=6250"},{"taxonomy":"flavor","embeddable":true,"href":"https:\/\/godisfabricabusiness.com\/es\/wp-json\/wp\/v2\/flavor?post=6250"},{"taxonomy":"allergens","embeddable":true,"href":"https:\/\/godisfabricabusiness.com\/es\/wp-json\/wp\/v2\/allergens?post=6250"}],"curies":[{"name":"wp","href":"https:\/\/api.w.org\/{rel}","templated":true}]}}