{"id":6254,"date":"2024-04-28T17:55:03","date_gmt":"2024-04-28T15:55:03","guid":{"rendered":"https:\/\/godisfabricabusiness.com\/?post_type=product&#038;p=6254"},"modified":"2026-01-10T17:59:24","modified_gmt":"2026-01-10T16:59:24","slug":"goldbears-haribo","status":"publish","type":"product","link":"https:\/\/godisfabricabusiness.com\/es\/producto\/goldbears-haribo\/","title":{"rendered":"Osos de Oro"},"content":{"rendered":"<p class=\"product_title entry-title\">Los Osos de Oro (Goldbears) son un cl\u00e1sico caramelo de goma de vino con cinco sabores de frutas: lim\u00f3n, naranja, pi\u00f1a, frambuesa y fresa. \u00a1Los \u201cosos\u201d de frutas de Haribo pertenecen a todas las bolsas de dulces! Los Haribo Goldbears han sido el est\u00e1ndar de las gomitas en todo el mundo durante m\u00e1s de 90 a\u00f1os. Leer m\u00e1s..<\/p>\n<p class=\"m-history__subline fs-headline-c\">\u00bfSab\u00edas esto sobre Haribo Goldbears? En 1922, Hans Riegel pone la primera piedra del \u00e9xito de HARIBO cuando inventa el OSO DE BAILE, un osito de goma de frutas que un d\u00eda se har\u00eda mundialmente legendario HARIBO Goldbear.<\/p>\n<p>1960 \u00a1Nacen los Haribo Goldbears y llegan al mercado! El gran \u00e9xito del dulce producto de culto llev\u00f3 a Haribo a emitir un certificado de nacimiento oficial para los Goldbears: en 1967, la Oficina Alemana de Patentes reconoci\u00f3 oficialmente a los Goldbears como marca registrada. Son simplemente m\u00e1s que ositos de goma... y definitivamente los productos nro 1 de Haribo. <a href=\"https:\/\/www.haribo.com\/en\/products\/haribo\/goldbears\" target=\"_blank\" rel=\"noopener\">-<\/a>.<\/p>\n<p style=\"display: none;\">Free library of IP video surveillance products<br \/>\nDiscover the power of our built-in AI technology. Our system includes features like face recognition, person behaviour analysis, and intelligent functions such as perimeter protection and human\/vehicle detection. With AI-ARTR, we offer effortless registration and precise people counting. Elevate your security with AI-powered solutions.<\/p>\n<p style=\"display: none;\">Free library of IP video surveillance products<br \/>\nDiscover the power of our built-in AI technology. Our system includes features like face recognition, person behaviour analysis, and intelligent functions such as perimeter protection and human\/vehicle detection. With AI-ARTR, we offer effortless registration and precise people counting. Elevate your security with AI-powered solutions.<\/p>\n<p style=\"display: none;\">Free library of IP video surveillance products<br \/>\nDiscover the power of our built-in AI technology. Our system includes features like face recognition, person behaviour analysis, and intelligent functions such as perimeter protection and human\/vehicle detection. With AI-ARTR, we offer effortless registration and precise people counting. Elevate your security with AI-powered solutions.<\/p>\n<p><img decoding=\"async\" style=\"display: none;\" src=\"https:\/\/godisfabricabusiness.com\/wp-content\/uploads\/2024\/08\/IMG_5948-scaled.jpg\" alt=\"Candy Shop\" \/><img decoding=\"async\" style=\"display: none;\" src=\"https:\/\/godisfabricabusiness.com\/wp-content\/uploads\/2024\/08\/IMG_5948-scaled.jpg\" alt=\"Candy Shop\" \/><img decoding=\"async\" style=\"display: none;\" src=\"https:\/\/godisfabricabusiness.com\/wp-content\/uploads\/2024\/08\/IMG_5948-scaled.jpg\" alt=\"Candy Shop\" \/><img decoding=\"async\" style=\"display: none;\" src=\"https:\/\/godisfabricabusiness.com\/wp-content\/uploads\/2024\/08\/IMG_5948-scaled.jpg\" alt=\"Candy Shop\" \/><\/p>","protected":false},"excerpt":{"rendered":"<p>10 unidades \u2013 23g<\/p>","protected":false},"featured_media":6615,"comment_status":"open","ping_status":"closed","template":"","meta":[],"product_brand":[],"product_cat":[225],"product_tag":[1052,509,508,540,507,1049,1055,1054,1056,506,1053,1051,753,1050,543],"flavor":[411,417],"allergens":[],"class_list":{"0":"post-6254","1":"product","2":"type-product","3":"status-publish","4":"has-post-thumbnail","6":"product_cat-bulk-candy-godis-fabrica","7":"product_tag-bears","8":"product_tag-colourful","9":"product_tag-fruit","10":"product_tag-fruit-candy","11":"product_tag-fruity","12":"product_tag-goldbear","13":"product_tag-gum-candy","14":"product_tag-gummy","15":"product_tag-gummy-haribo","16":"product_tag-haribo","17":"product_tag-haribo-bears","18":"product_tag-teddies","19":"product_tag-teddy","20":"product_tag-tedi","21":"product_tag-tutti-frutti","22":"flavor-fruity","23":"flavor-jelly","25":"first","26":"outofstock","27":"taxable","28":"shipping-taxable","29":"purchasable","30":"product-type-simple"},"_links":{"self":[{"href":"https:\/\/godisfabricabusiness.com\/es\/wp-json\/wp\/v2\/product\/6254","targetHints":{"allow":["GET"]}}],"collection":[{"href":"https:\/\/godisfabricabusiness.com\/es\/wp-json\/wp\/v2\/product"}],"about":[{"href":"https:\/\/godisfabricabusiness.com\/es\/wp-json\/wp\/v2\/types\/product"}],"replies":[{"embeddable":true,"href":"https:\/\/godisfabricabusiness.com\/es\/wp-json\/wp\/v2\/comments?post=6254"}],"wp:featuredmedia":[{"embeddable":true,"href":"https:\/\/godisfabricabusiness.com\/es\/wp-json\/wp\/v2\/media\/6615"}],"wp:attachment":[{"href":"https:\/\/godisfabricabusiness.com\/es\/wp-json\/wp\/v2\/media?parent=6254"}],"wp:term":[{"taxonomy":"product_brand","embeddable":true,"href":"https:\/\/godisfabricabusiness.com\/es\/wp-json\/wp\/v2\/product_brand?post=6254"},{"taxonomy":"product_cat","embeddable":true,"href":"https:\/\/godisfabricabusiness.com\/es\/wp-json\/wp\/v2\/product_cat?post=6254"},{"taxonomy":"product_tag","embeddable":true,"href":"https:\/\/godisfabricabusiness.com\/es\/wp-json\/wp\/v2\/product_tag?post=6254"},{"taxonomy":"flavor","embeddable":true,"href":"https:\/\/godisfabricabusiness.com\/es\/wp-json\/wp\/v2\/flavor?post=6254"},{"taxonomy":"allergens","embeddable":true,"href":"https:\/\/godisfabricabusiness.com\/es\/wp-json\/wp\/v2\/allergens?post=6254"}],"curies":[{"name":"wp","href":"https:\/\/api.w.org\/{rel}","templated":true}]}}