{"id":6272,"date":"2024-04-29T12:54:19","date_gmt":"2024-04-29T10:54:19","guid":{"rendered":"https:\/\/godisfabricabusiness.com\/?post_type=product&#038;p=6272"},"modified":"2026-01-10T17:59:24","modified_gmt":"2026-01-10T16:59:24","slug":"sour-fruit-tongue","status":"publish","type":"product","link":"https:\/\/godisfabricabusiness.com\/es\/producto\/sour-fruit-tongue\/","title":{"rendered":"Lengua de Fruta \u00c1cida"},"content":{"rendered":"<p class=\"\" data-start=\"74\" data-end=\"139\">Lengua de Fruta \u00c1cida \u2013 Porque las chuches normales eran demasiado educadas..<\/p>\n<p class=\"\" data-start=\"141\" data-end=\"478\">\u00bfCansado de las chuches dulces que no te dan una bofetada en la boca? Te presentamos Lengua de Fruta \u00c1cida \u2013 la chuche que parece una lengua, sabe a arco\u00edris \u00e1cido y hace que tu cara se transforme en p\u00fablico. Es larga, colorida y agresivamente afrutada. B\u00e1sicamente, si un unicornio lamiera un lim\u00f3n mientras hace la voltereta lateral.. ser\u00eda esto.<\/p>\n<p class=\"\" data-start=\"480\" data-end=\"663\">Perfecto para ni\u00f1os, adultos y cualquiera que quiera a\u00f1adir un poco de caos a sus papilas gustativas. Puede causar movimientos de lengua, ojos llorosos y dram\u00e1ticos suspiros por aire. Echa un par en el carrito de la compra y prep\u00e1rate para lamer al primo \u00e1cido del arco\u00edris.<\/p>\n<p>&nbsp;<\/p>","protected":false},"excerpt":{"rendered":"<p>2 unidades - 25g<\/p>","protected":false},"featured_media":16929,"comment_status":"open","ping_status":"closed","template":"","meta":[],"product_brand":[],"product_cat":[225],"product_tag":[731,901,508,540,507,813,1068,1069,587,435,585,926,1066,552,1067],"flavor":[411,419,415],"allergens":[],"class_list":{"0":"post-6272","1":"product","2":"type-product","3":"status-publish","4":"has-post-thumbnail","6":"product_cat-bulk-candy-godis-fabrica","7":"product_tag-acido","8":"product_tag-brynild","9":"product_tag-fruit","10":"product_tag-fruit-candy","11":"product_tag-fruity","12":"product_tag-fruity-candy","13":"product_tag-frukttunga","14":"product_tag-kieli","15":"product_tag-kirpea","16":"product_tag-sour","17":"product_tag-sour-candy","18":"product_tag-sour-fruit-candy","19":"product_tag-sour-fruit-tongue","20":"product_tag-swedish-candy","21":"product_tag-tongue","22":"flavor-fruity","23":"flavor-palm-oil-free","24":"flavor-sour","26":"first","27":"outofstock","28":"taxable","29":"shipping-taxable","30":"purchasable","31":"product-type-simple"},"_links":{"self":[{"href":"https:\/\/godisfabricabusiness.com\/es\/wp-json\/wp\/v2\/product\/6272","targetHints":{"allow":["GET"]}}],"collection":[{"href":"https:\/\/godisfabricabusiness.com\/es\/wp-json\/wp\/v2\/product"}],"about":[{"href":"https:\/\/godisfabricabusiness.com\/es\/wp-json\/wp\/v2\/types\/product"}],"replies":[{"embeddable":true,"href":"https:\/\/godisfabricabusiness.com\/es\/wp-json\/wp\/v2\/comments?post=6272"}],"wp:featuredmedia":[{"embeddable":true,"href":"https:\/\/godisfabricabusiness.com\/es\/wp-json\/wp\/v2\/media\/16929"}],"wp:attachment":[{"href":"https:\/\/godisfabricabusiness.com\/es\/wp-json\/wp\/v2\/media?parent=6272"}],"wp:term":[{"taxonomy":"product_brand","embeddable":true,"href":"https:\/\/godisfabricabusiness.com\/es\/wp-json\/wp\/v2\/product_brand?post=6272"},{"taxonomy":"product_cat","embeddable":true,"href":"https:\/\/godisfabricabusiness.com\/es\/wp-json\/wp\/v2\/product_cat?post=6272"},{"taxonomy":"product_tag","embeddable":true,"href":"https:\/\/godisfabricabusiness.com\/es\/wp-json\/wp\/v2\/product_tag?post=6272"},{"taxonomy":"flavor","embeddable":true,"href":"https:\/\/godisfabricabusiness.com\/es\/wp-json\/wp\/v2\/flavor?post=6272"},{"taxonomy":"allergens","embeddable":true,"href":"https:\/\/godisfabricabusiness.com\/es\/wp-json\/wp\/v2\/allergens?post=6272"}],"curies":[{"name":"wp","href":"https:\/\/api.w.org\/{rel}","templated":true}]}}