{"id":7079,"date":"2024-08-30T15:47:46","date_gmt":"2024-08-30T13:47:46","guid":{"rendered":"https:\/\/godisfabricabusiness.com\/?post_type=product&#038;p=7079"},"modified":"2026-01-10T17:59:27","modified_gmt":"2026-01-10T16:59:27","slug":"godis-fabrica-sour-mix","status":"publish","type":"product","link":"https:\/\/godisfabricabusiness.com\/es\/producto\/godis-fabrica-sour-mix\/","title":{"rendered":"Godis Surtido \u00c1cida"},"content":{"rendered":"<p class=\"p1\">Godis Surtido \u00c1cida \u2013 \u00a1una mezcla fant\u00e1stica y colorida de nuestros caramelos fizzy y \u00e1cidos! Esta bolsa de mezcla incluye al menos 12 opciones diferentes de chuches, garantizados para darle a tus papilas gustativas un toque \u00e1cido y vibrante. \u00a1Es la mezcla perfecta para quienes aman los dulces con un toque \u00e1cido!<\/p>\n<p>Elige el tama\u00f1o de tu bolsa:<\/p>\n<p>250g | 500g | 750g | 1kg<\/p>\n<p>Nota importante: la selecci\u00f3n de caramelos en nuestras bolsas Godis Mix puede variar con respecto a las im\u00e1genes del producto. Sin embargo, ten la seguridad de que cada pedido se prepara cuidadosamente y se sella en una bolsa con cierre herm\u00e9tico para mantener todo fresco y delicioso.<\/p>\n<p>\u00bfListo para recibir un peque\u00f1o pedazo del cielo dulce directamente en tu puerta? Haz tu pedido de Godis Surtido \u00c1cido hoy mismo: es como recibir un abrazo dulce y \u00e1cido por correo.<\/p>\n<div style=\"display: none;\">\n<h5 style=\"display: none;\">Candy Shop<\/h5>\n<h5><img decoding=\"async\" style=\"display: none;\" src=\"https:\/\/godisfabricabusiness.com\/wp-content\/uploads\/2024\/08\/IMG_5948-scaled.jpg\" alt=\"Kryptonite Fizzy Bubble\" \/><\/h5>\n<p style=\"display: none;\">Shop delicious candies at our online candy shop in Spain. Explore a variety of sweets at Godisfabrica and enjoy fast delivery across Spain! &#8220;Shop your favorite candies at our online candy shop in Spain. Fast delivery, wide selection, and sweet deals await. Order now!&#8221; Shop online at Godisfabrica for the best candy in Spain. Discover delicious sweets, fast shipping, and premium quality treats today!<\/p>\n<\/div>\n<div style=\"display: none;\">\n<h5 style=\"display: none;\">Candy Shop<\/h5>\n<h5><img decoding=\"async\" style=\"display: none;\" src=\"https:\/\/godisfabricabusiness.com\/wp-content\/uploads\/2024\/08\/IMG_5948-scaled.jpg\" alt=\"Candy Shop\" \/><\/h5>\n<p style=\"display: none;\">Shop delicious candies at our online candy shop in Spain. Explore a variety of sweets at Godisfabrica and enjoy fast delivery across Spain! &#8220;Shop your favorite candies at our online candy shop in Spain. Fast delivery, wide selection, and sweet deals await. Order now!&#8221; Shop online at Godisfabrica for the best candy in Spain. Discover delicious sweets, fast shipping, and premium quality treats today!<\/p>\n<\/div>\n<div style=\"display: none;\">\n<h5 style=\"display: none;\">Candy Shop<\/h5>\n<h5><img decoding=\"async\" style=\"display: none;\" src=\"https:\/\/godisfabricabusiness.com\/wp-content\/uploads\/2024\/08\/IMG_5948-scaled.jpg\" alt=\"Candy Shop\" \/><\/h5>\n<p style=\"display: none;\">Shop delicious candies at our online candy shop in Spain. Explore a variety of sweets at Godisfabrica and enjoy fast delivery across Spain! &#8220;Shop your favorite candies at our online candy shop in Spain. Fast delivery, wide selection, and sweet deals await. Order now!&#8221; Shop online at Godisfabrica for the best candy in Spain. Discover delicious sweets, fast shipping, and premium quality treats today!<\/p>\n<\/div>\n<div style=\"display: none;\">\n<h5 style=\"display: none;\">Candy Shop<\/h5>\n<h5><img decoding=\"async\" style=\"display: none;\" src=\"https:\/\/godisfabricabusiness.com\/wp-content\/uploads\/2024\/08\/IMG_5948-scaled.jpg\" alt=\"Candy Shop\" \/><\/h5>\n<p style=\"display: none;\">Shop delicious candies at our online candy shop in Spain. Explore a variety of sweets at Godisfabrica and enjoy fast delivery across Spain! &#8220;Shop your favorite candies at our online candy shop in Spain. Fast delivery, wide selection, and sweet deals await. Order now!&#8221; Shop online at Godisfabrica for the best candy in Spain. Discover delicious sweets, fast shipping, and premium quality treats today!<\/p>\n<\/div>","protected":false},"excerpt":{"rendered":"<p>250g | 500g | 750g | 1kg<\/p>","protected":false},"featured_media":16840,"comment_status":"open","ping_status":"closed","template":"","meta":[],"product_brand":[],"product_cat":[293],"product_tag":[731,556,1076,544,434,1110,509,437,436,1077,540,531,545,925,1112,435,804,585,805,926,447],"flavor":[411,415,422],"allergens":[],"class_list":{"0":"post-7079","1":"product","2":"type-product","3":"status-publish","4":"has-post-thumbnail","6":"product_cat-candy-bags-godis-fabrica","7":"product_tag-acido","8":"product_tag-blue","9":"product_tag-bubble","10":"product_tag-bubblegum","11":"product_tag-bubs","12":"product_tag-chuches-acidas","13":"product_tag-colourful","14":"product_tag-fizzy","15":"product_tag-fizzypop","16":"product_tag-frizzy","17":"product_tag-fruit-candy","18":"product_tag-funny","19":"product_tag-magical","20":"product_tag-muy-acido","21":"product_tag-perfect-mix","22":"product_tag-sour","23":"product_tag-sour-bottles","24":"product_tag-sour-candy","25":"product_tag-sour-cola","26":"product_tag-sour-fruit-candy","27":"product_tag-super-sour","28":"pa_weight-1kg","29":"pa_weight-250g","30":"pa_weight-500g","31":"pa_weight-750g","32":"flavor-fruity","33":"flavor-sour","34":"flavor-wrapped","36":"first","37":"outofstock","38":"taxable","39":"shipping-taxable","40":"purchasable","41":"product-type-variable"},"_links":{"self":[{"href":"https:\/\/godisfabricabusiness.com\/es\/wp-json\/wp\/v2\/product\/7079","targetHints":{"allow":["GET"]}}],"collection":[{"href":"https:\/\/godisfabricabusiness.com\/es\/wp-json\/wp\/v2\/product"}],"about":[{"href":"https:\/\/godisfabricabusiness.com\/es\/wp-json\/wp\/v2\/types\/product"}],"replies":[{"embeddable":true,"href":"https:\/\/godisfabricabusiness.com\/es\/wp-json\/wp\/v2\/comments?post=7079"}],"wp:featuredmedia":[{"embeddable":true,"href":"https:\/\/godisfabricabusiness.com\/es\/wp-json\/wp\/v2\/media\/16840"}],"wp:attachment":[{"href":"https:\/\/godisfabricabusiness.com\/es\/wp-json\/wp\/v2\/media?parent=7079"}],"wp:term":[{"taxonomy":"product_brand","embeddable":true,"href":"https:\/\/godisfabricabusiness.com\/es\/wp-json\/wp\/v2\/product_brand?post=7079"},{"taxonomy":"product_cat","embeddable":true,"href":"https:\/\/godisfabricabusiness.com\/es\/wp-json\/wp\/v2\/product_cat?post=7079"},{"taxonomy":"product_tag","embeddable":true,"href":"https:\/\/godisfabricabusiness.com\/es\/wp-json\/wp\/v2\/product_tag?post=7079"},{"taxonomy":"flavor","embeddable":true,"href":"https:\/\/godisfabricabusiness.com\/es\/wp-json\/wp\/v2\/flavor?post=7079"},{"taxonomy":"allergens","embeddable":true,"href":"https:\/\/godisfabricabusiness.com\/es\/wp-json\/wp\/v2\/allergens?post=7079"}],"curies":[{"name":"wp","href":"https:\/\/api.w.org\/{rel}","templated":true}]}}