{"id":7367,"date":"2024-09-24T17:36:24","date_gmt":"2024-09-24T15:36:24","guid":{"rendered":"https:\/\/godisfabricabusiness.com\/?post_type=product&#038;p=7367"},"modified":"2026-01-10T17:59:27","modified_gmt":"2026-01-10T16:59:27","slug":"godis-favourites-mix","status":"publish","type":"product","link":"https:\/\/godisfabricabusiness.com\/es\/producto\/godis-favourites-mix\/","title":{"rendered":"Godis Surtido Favoritos"},"content":{"rendered":"<p class=\"\" data-start=\"113\" data-end=\"400\">Godis Surtido Favoritos \u2013 \u00a1una deliciosa selecci\u00f3n de los mejores chuches Pick &amp; Mix, con todos los sabores que puedas imaginar! Esta mezcla ya preparada incluye al menos 12 tipos diferentes de nuestros chuches m\u00e1s queridos. Esta edici\u00f3n especial est\u00e1 llena de favoritos que probablemente ya te hicieron la boca agua en nuestro TikTok e Instagram.<\/p>\n<p class=\"\" data-start=\"402\" data-end=\"454\">Elige el tama\u00f1o de tu bolsa:<\/p>\n<p class=\"\" data-start=\"402\" data-end=\"454\">250g | 500g | 750g | 1kg<\/p>\n<p class=\"\" data-start=\"456\" data-end=\"662\">Nota importante: la selecci\u00f3n de caramelos en nuestras bolsas Godis Mix puede variar con respecto a las im\u00e1genes del producto. Sin embargo, ten la seguridad de que cada pedido se prepara cuidadosamente y se sella en una bolsa con cierre herm\u00e9tico para mantener todo fresco y delicioso.<\/p>\n<p class=\"\" data-start=\"664\" data-end=\"864\">\u00bfListo para recibir un peque\u00f1o pedazo del cielo dulce directamente en tu puerta? Haz tu pedido de Godis Surtido Favoritos hoy mismo \u2013 es como recibir un abrazo dulce por correo.<\/p>\n<div style=\"display: none;\">\n<h5 style=\"display: none;\">Candy Shop<\/h5>\n<h5><img decoding=\"async\" style=\"display: none;\" src=\"https:\/\/godisfabricabusiness.com\/wp-content\/uploads\/2024\/08\/IMG_5948-scaled.jpg\" alt=\"Kryptonite Fizzy Bubble\" \/><\/h5>\n<p style=\"display: none;\">Shop delicious candies at our online candy shop in Spain. Explore a variety of sweets at Godisfabrica and enjoy fast delivery across Spain! &#8220;Shop your favorite candies at our online candy shop in Spain. Fast delivery, wide selection, and sweet deals await. Order now!&#8221; Shop online at Godisfabrica for the best candy in Spain. Discover delicious sweets, fast shipping, and premium quality treats today!<\/p>\n<\/div>\n<div style=\"display: none;\">\n<h5 style=\"display: none;\">Candy Shop<\/h5>\n<h5><img decoding=\"async\" style=\"display: none;\" src=\"https:\/\/godisfabricabusiness.com\/wp-content\/uploads\/2024\/08\/IMG_5948-scaled.jpg\" alt=\"Candy Shop\" \/><\/h5>\n<p style=\"display: none;\">Shop delicious candies at our online candy shop in Spain. Explore a variety of sweets at Godisfabrica and enjoy fast delivery across Spain! &#8220;Shop your favorite candies at our online candy shop in Spain. Fast delivery, wide selection, and sweet deals await. Order now!&#8221; Shop online at Godisfabrica for the best candy in Spain. Discover delicious sweets, fast shipping, and premium quality treats today!<\/p>\n<\/div>\n<div style=\"display: none;\">\n<h5 style=\"display: none;\">Candy Shop<\/h5>\n<h5><img decoding=\"async\" style=\"display: none;\" src=\"https:\/\/godisfabricabusiness.com\/wp-content\/uploads\/2024\/08\/IMG_5948-scaled.jpg\" alt=\"Candy Shop\" \/><\/h5>\n<p style=\"display: none;\">Shop delicious candies at our online candy shop in Spain. Explore a variety of sweets at Godisfabrica and enjoy fast delivery across Spain! &#8220;Shop your favorite candies at our online candy shop in Spain. Fast delivery, wide selection, and sweet deals await. Order now!&#8221; Shop online at Godisfabrica for the best candy in Spain. Discover delicious sweets, fast shipping, and premium quality treats today!<\/p>\n<\/div>\n<div style=\"display: none;\">\n<h5 style=\"display: none;\">Candy Shop<\/h5>\n<h5><img decoding=\"async\" style=\"display: none;\" src=\"https:\/\/godisfabricabusiness.com\/wp-content\/uploads\/2024\/08\/IMG_5948-scaled.jpg\" alt=\"Candy Shop\" \/><\/h5>\n<p style=\"display: none;\">Shop delicious candies at our online candy shop in Spain. Explore a variety of sweets at Godisfabrica and enjoy fast delivery across Spain! &#8220;Shop your favorite candies at our online candy shop in Spain. Fast delivery, wide selection, and sweet deals await. Order now!&#8221; Shop online at Godisfabrica for the best candy in Spain. Discover delicious sweets, fast shipping, and premium quality treats today!<\/p>\n<\/div>","protected":false},"excerpt":{"rendered":"<p>250g | 500g | 750g | 1kg<\/p>","protected":false},"featured_media":16832,"comment_status":"open","ping_status":"closed","template":"","meta":[],"product_brand":[],"product_cat":[293],"product_tag":[731,434,1110,509,569,437,436,1077,540,531,1143,545,1112,435,804,585,805,926,447,1142,231,1141],"flavor":[412,410,411,413,415,422],"allergens":[],"class_list":{"0":"post-7367","1":"product","2":"type-product","3":"status-publish","4":"has-post-thumbnail","6":"product_cat-candy-bags-godis-fabrica","7":"product_tag-acido","8":"product_tag-bubs","9":"product_tag-chuches-acidas","10":"product_tag-colourful","11":"product_tag-favourite","12":"product_tag-fizzy","13":"product_tag-fizzypop","14":"product_tag-frizzy","15":"product_tag-fruit-candy","16":"product_tag-funny","17":"product_tag-instagram","18":"product_tag-magical","19":"product_tag-perfect-mix","20":"product_tag-sour","21":"product_tag-sour-bottles","22":"product_tag-sour-candy","23":"product_tag-sour-cola","24":"product_tag-sour-fruit-candy","25":"product_tag-super-sour","26":"product_tag-tiktok","27":"product_tag-vanilla","28":"product_tag-viral-candy","29":"pa_weight-1kg","30":"pa_weight-250g","31":"pa_weight-500g","32":"pa_weight-750g","33":"flavor-chocolate","34":"flavor-foam","35":"flavor-fruity","36":"flavor-liquorice","37":"flavor-sour","38":"flavor-wrapped","40":"first","41":"outofstock","42":"taxable","43":"shipping-taxable","44":"purchasable","45":"product-type-variable","46":"has-default-attributes"},"_links":{"self":[{"href":"https:\/\/godisfabricabusiness.com\/es\/wp-json\/wp\/v2\/product\/7367","targetHints":{"allow":["GET"]}}],"collection":[{"href":"https:\/\/godisfabricabusiness.com\/es\/wp-json\/wp\/v2\/product"}],"about":[{"href":"https:\/\/godisfabricabusiness.com\/es\/wp-json\/wp\/v2\/types\/product"}],"replies":[{"embeddable":true,"href":"https:\/\/godisfabricabusiness.com\/es\/wp-json\/wp\/v2\/comments?post=7367"}],"wp:featuredmedia":[{"embeddable":true,"href":"https:\/\/godisfabricabusiness.com\/es\/wp-json\/wp\/v2\/media\/16832"}],"wp:attachment":[{"href":"https:\/\/godisfabricabusiness.com\/es\/wp-json\/wp\/v2\/media?parent=7367"}],"wp:term":[{"taxonomy":"product_brand","embeddable":true,"href":"https:\/\/godisfabricabusiness.com\/es\/wp-json\/wp\/v2\/product_brand?post=7367"},{"taxonomy":"product_cat","embeddable":true,"href":"https:\/\/godisfabricabusiness.com\/es\/wp-json\/wp\/v2\/product_cat?post=7367"},{"taxonomy":"product_tag","embeddable":true,"href":"https:\/\/godisfabricabusiness.com\/es\/wp-json\/wp\/v2\/product_tag?post=7367"},{"taxonomy":"flavor","embeddable":true,"href":"https:\/\/godisfabricabusiness.com\/es\/wp-json\/wp\/v2\/flavor?post=7367"},{"taxonomy":"allergens","embeddable":true,"href":"https:\/\/godisfabricabusiness.com\/es\/wp-json\/wp\/v2\/allergens?post=7367"}],"curies":[{"name":"wp","href":"https:\/\/api.w.org\/{rel}","templated":true}]}}