{"id":98,"date":"2020-09-23T12:28:46","date_gmt":"2020-09-23T12:28:46","guid":{"rendered":"https:\/\/proteo.yithemes.com\/food\/?post_type=product&#038;p=98"},"modified":"2026-01-10T18:02:57","modified_gmt":"2026-01-10T17:02:57","slug":"daim-mini-chocolate-candy","status":"publish","type":"product","link":"https:\/\/godisfabricabusiness.com\/es\/producto\/daim-mini-chocolate-candy\/","title":{"rendered":"Daim Mini"},"content":{"rendered":"<p>Daim Mini Chocolate \u2013 Peque\u00f1as delicias envueltas, hechas de crujiente caramelo de almendra cubierto con suave chocolate con leche. Este cl\u00e1sico amado en toda Escandinavia y el mundo ahora viene en su versi\u00f3n mini, \u00a1perfecto para disfrutar en cualquier momento! Disponible en nuestra selecci\u00f3n de Pick &amp; Mix.<\/p>\n<p>Daim es el bocado perfecto para los amantes del chocolate. Esta deliciosa es una experiencia dulce y crujiente incomparable. Tanto si eres fan del cl\u00e1sico Daim como si buscas un peque\u00f1o capricho dulce, ahora puedes disfrutar de la versi\u00f3n mini en nuestra selecci\u00f3n de Pick &amp; Mix. \u00a1D\u00e9jate tentar por el irresistible sabor de Daim Mini y haz que cada d\u00eda sea un poco m\u00e1s dulce!<\/p>","protected":false},"excerpt":{"rendered":"<p>4 unidades - 27g<\/p>","protected":false},"featured_media":7155,"comment_status":"open","ping_status":"closed","template":"","meta":[],"product_brand":[],"product_cat":[225,243],"product_tag":[230,241,242],"flavor":[416,412,422],"allergens":[426],"class_list":{"0":"post-98","1":"product","2":"type-product","3":"status-publish","4":"has-post-thumbnail","6":"product_cat-bulk-candy-godis-fabrica","7":"product_cat-chocolates-godis-fabrica","8":"product_tag-chocolate","9":"product_tag-daim","10":"product_tag-daim-mini","11":"flavor-caramel-toffee","12":"flavor-chocolate","13":"flavor-wrapped","14":"allergens-gelatin-free","16":"first","17":"outofstock","18":"taxable","19":"shipping-taxable","20":"purchasable","21":"product-type-simple"},"_links":{"self":[{"href":"https:\/\/godisfabricabusiness.com\/es\/wp-json\/wp\/v2\/product\/98","targetHints":{"allow":["GET"]}}],"collection":[{"href":"https:\/\/godisfabricabusiness.com\/es\/wp-json\/wp\/v2\/product"}],"about":[{"href":"https:\/\/godisfabricabusiness.com\/es\/wp-json\/wp\/v2\/types\/product"}],"replies":[{"embeddable":true,"href":"https:\/\/godisfabricabusiness.com\/es\/wp-json\/wp\/v2\/comments?post=98"}],"wp:featuredmedia":[{"embeddable":true,"href":"https:\/\/godisfabricabusiness.com\/es\/wp-json\/wp\/v2\/media\/7155"}],"wp:attachment":[{"href":"https:\/\/godisfabricabusiness.com\/es\/wp-json\/wp\/v2\/media?parent=98"}],"wp:term":[{"taxonomy":"product_brand","embeddable":true,"href":"https:\/\/godisfabricabusiness.com\/es\/wp-json\/wp\/v2\/product_brand?post=98"},{"taxonomy":"product_cat","embeddable":true,"href":"https:\/\/godisfabricabusiness.com\/es\/wp-json\/wp\/v2\/product_cat?post=98"},{"taxonomy":"product_tag","embeddable":true,"href":"https:\/\/godisfabricabusiness.com\/es\/wp-json\/wp\/v2\/product_tag?post=98"},{"taxonomy":"flavor","embeddable":true,"href":"https:\/\/godisfabricabusiness.com\/es\/wp-json\/wp\/v2\/flavor?post=98"},{"taxonomy":"allergens","embeddable":true,"href":"https:\/\/godisfabricabusiness.com\/es\/wp-json\/wp\/v2\/allergens?post=98"}],"curies":[{"name":"wp","href":"https:\/\/api.w.org\/{rel}","templated":true}]}}